{"id":773,"date":"2017-06-11T01:40:04","date_gmt":"2017-06-10T23:40:04","guid":{"rendered":"http:\/\/www.repent.cz\/?page_id=773"},"modified":"2021-08-11T21:41:26","modified_gmt":"2021-08-11T19:41:26","slug":"zaklady","status":"publish","type":"page","link":"https:\/\/www.repent.cz\/en\/zaklady\/","title":{"rendered":"Z\u00e1klady"},"content":{"rendered":"<p><strong>Stav \u010dlov\u011bka p\u0159ed Bohem \u2013 pro\u010d pot\u0159ebuje Spasitele:<\/strong><\/p>\n<p>jak je naps\u00e1no: Nen\u00ed spravedliv\u00e9ho, <em>nen\u00ed <\/em>ani jednoho.<\/p>\n<p>Nen\u00ed toti\u017e rozd\u00edlu, nebo\u0165 <strong>v\u0161ichni zh\u0159e\u0161ili<\/strong> a chyb\u00ed jim Bo\u017e\u00ed sl\u00e1va.\u00a0 \u00a0\u00a0\u00a0\u00a0\u00a0\u00a0\u00a0\u00a0\u00a0\u00a0\u00a0\u00a0\u00a0\u00a0 \u00a0\u00a0\u00a0\u00a0\u00a0\u00a0 (list \u0158\u00edman\u016fm 3, 10 a 23)<\/p>\n<p>Jsme jako ne\u010dist\u00fd my v\u0161ichni, a jako roucho ohyzdn\u00e9 v\u0161ecky spravedlnosti na\u0161e. Uvadli jsme v\u0161ichni jako list, na\u0161e nepravosti n\u00e1s un\u00e1\u0161\u00ed jako v\u00edtr.\u00a0\u00a0\u00a0\u00a0\u00a0\u00a0\u00a0 \u00a0\u00a0\u00a0 (Izaj\u00e1\u0161 64, 5)<\/p>\n<p>Odplatou za h\u0159\u00edch <em>je <\/em>smrt, ale Bo\u017e\u00edm darem <em>je <\/em>v\u011b\u010dn\u00fd \u017eivot v na\u0161em P\u00e1nu, Je\u017e\u00ed\u0161i Kristu.\u00a0\u00a0\u00a0\u00a0\u00a0\u00a0\u00a0\u00a0\u00a0\u00a0\u00a0\u00a0\u00a0\u00a0\u00a0\u00a0\u00a0\u00a0\u00a0\u00a0\u00a0\u00a0\u00a0\u00a0\u00a0\u00a0\u00a0\u00a0\u00a0\u00a0\u00a0\u00a0\u00a0 (list \u0158\u00edman\u016fm 6, 23)<\/p>\n<p><strong>Evangelium \u2013 dobr\u00e1 zpr\u00e1va<\/strong><\/p>\n<p>P\u0159ipom\u00edn\u00e1m v\u00e1m, brat\u0159i, <strong>evangelium<\/strong>, kter\u00e9 jsem v\u00e1m k\u00e1zal, kter\u00e9 jste p\u0159ijali a v n\u011bm\u017e stoj\u00edte,<strong> skrze n\u011b\u017e tak\u00e9 doch\u00e1z\u00edte spasen\u00ed<\/strong> (pokud se dr\u017e\u00edte slova, kter\u00e9 jsem v\u00e1m k\u00e1zal &#8211; jinak byste uv\u011b\u0159ili nadarmo). P\u0159edal jsem v\u00e1m toti\u017e p\u0159edev\u0161\u00edm to, co jsem tak\u00e9 p\u0159ijal: <strong>\u017ee Kristus zem\u0159el za na\u0161e h\u0159\u00edchy podle P\u00edsem a \u017ee byl poh\u0159ben a t\u0159et\u00edho dne byl vzk\u0159\u00ed\u0161en podle P\u00edsem.<\/strong> \u00a0\u00a0\u00a0\u00a0\u00a0 \u00a0 \u00a0 \u00a0 \u00a0 \u00a0 \u00a0 \u00a0 \u00a0 \u00a0 \u00a0 \u00a0 \u00a0 \u00a0 \u00a0 \u00a0 \u00a0 \u00a0 \u00a0 (1. list Korintsk\u00fdm 15, 1-4)<\/p>\n<p><strong>Vyzn\u00e1\u0161-li sv\u00fdmi \u00fasty Je\u017e\u00ed\u0161e jako P\u00e1na a uv\u011b\u0159\u00ed\u0161-li ve sv\u00e9m srdci, \u017ee ho B\u016fh vzk\u0159\u00edsil z mrtv\u00fdch, bude\u0161 spasen.<\/strong> Srdcem se toti\u017e v\u011b\u0159\u00ed ke spravedlnosti a \u00fasty se vyzn\u00e1v\u00e1 ke spasen\u00ed.<\/p>\n<p>V\u017edy\u0165 P\u00edsmo \u0159\u00edk\u00e1: &#8220;Nikdo, kdo v n\u011bj v\u011b\u0159\u00ed, nebude zahanben.&#8221; Nen\u00ed toti\u017e rozd\u00edlu mezi \u017didem a \u0158ekem, nebo\u0165 tent\u00fd\u017e P\u00e1n v\u0161ech <em>je <\/em>bohat\u00fd ke v\u0161em, kdo ho vz\u00fdvaj\u00ed. Nebo\u0165 &#8220;ka\u017ed\u00fd, kdo by vz\u00fdval jm\u00e9no P\u00e1na, bude spasen.&#8221;\u00a0\u00a0\u00a0\u00a0\u00a0\u00a0\u00a0\u00a0\u00a0\u00a0 (list \u0158\u00edman\u016fm 10, 9-13)<\/p>\n<p>Nestyd\u00edm se toti\u017e za <strong>Kristovo<\/strong> <strong>evangelium<\/strong>, nebo\u0165 <strong>je<\/strong> to <strong>Bo\u017e\u00ed moc ke spasen\u00ed ka\u017ed\u00e9ho, kdo v\u011b\u0159\u00ed<\/strong>, p\u0159edn\u011b \u017dida, ale i \u0158eka. Nebo\u0165 v n\u011bm je zjevena Bo\u017e\u00ed spravedlnost z v\u00edry k v\u00ed\u0159e, jak je naps\u00e1no: &#8220;Spravedliv\u00fd pak bude \u017e\u00edt z v\u00edry&#8221;\u00a0\u00a0\u00a0\u00a0\u00a0\u00a0\u00a0 (list \u0158\u00edman\u016fm 1, 16-17)<\/p>\n<p><strong>Sp\u00e1sa milost\u00ed:<\/strong><\/p>\n<p><strong>Jste spaseni milost\u00ed skrze v\u00edru<\/strong>, a to nen\u00ed z v\u00e1s &#8211; <em><strong>je <\/strong><\/em><strong>to Bo\u017e\u00ed dar<\/strong>,<strong> ne na z\u00e1klad\u011b skutk\u016f<\/strong>, aby se nikdo nemohl chlubit. Jsme p\u0159ece jeho d\u00edlo, stvo\u0159eni v Kristu Je\u017e\u00ed\u0161i k dobr\u00fdm skutk\u016fm, kter\u00e9 B\u016fh p\u0159edem p\u0159ipravil, abychom v nich chodili.\u00a0 \u00a0\u00a0\u00a0\u00a0\u00a0 (list Efezsk\u00fdm 2, 8-10)<\/p>\n<p>&nbsp;<\/p>\n<p><strong>Jak se st\u00e1t k\u0159es\u0165anem (Skutky apo\u0161tol\u016f 2,38-41):<\/strong><\/p>\n<p>\u2013 sly\u0161et a uv\u011b\u0159it evangeliu \u2013 dobr\u00e9 zv\u011bsti<\/p>\n<p>\u2013 \u010dinit pok\u00e1n\u00ed<\/p>\n<p>\u2013 nechat se pok\u0159t\u00edt<\/p>\n<p>\u2013 p\u0159ijmout odpu\u0161t\u011bn\u00ed a dar Ducha Svat\u00e9ho<\/p>\n<p><strong>\u017divot prvotn\u00ed c\u00edrkve (Sk 2,42-47):<\/strong><\/p>\n<p>\u2013 dle apo\u0161tolsk\u00e9ho u\u010den\u00ed<\/p>\n<p>\u2013 ve spole\u010denstv\u00ed<\/p>\n<p>\u2013 l\u00e1m\u00e1n\u00ed chleba v chr\u00e1mu a po domech<\/p>\n<p>\u2013 spole\u010dn\u00e9 modlitby a chv\u00e1len\u00ed Boha<\/p>\n<p><strong>Z\u00e1kladn\u00ed k\u0159es\u0165ansk\u00e9 nauky (\u017did 6, 1-3):<\/strong><\/p>\n<p>\u2013 pok\u00e1n\u00ed z mrtv\u00fdch skutk\u016f<\/p>\n<p>\u2013 v\u00edra v Boha<\/p>\n<p>\u2013 u\u010den\u00ed o k\u0159tech<\/p>\n<p>\u2013 vkl\u00e1d\u00e1n\u00ed rukou<\/p>\n<p>\u2013 vzk\u0159\u00ed\u0161en\u00ed z mrtv\u00fdch<\/p>\n<p>\u2013 v\u011b\u010dn\u00fd soud<\/p>\n<p>&nbsp;<\/p>\n<p><strong>Jak vyzn\u00e1vat h\u0159\u00edchy Bohu:<\/strong><\/p>\n<p>&#8211; o tom n\u00e1s B\u016fh vyu\u010duje (dalo by se \u0159\u00edci d\u00e1v\u00e1 n\u00e1m n\u00e1vod) v 1. Janov\u011b listu 1, 5 \u2013 2, 2.<\/p>\n<p><strong>O\u010dek\u00e1v\u00e1n\u00ed p\u0159\u00edchodu Krista pro c\u00edrkev (vytr\u017een\u00ed c\u00edrkve):<\/strong><\/p>\n<p>&#8211; <strong>bd\u00edt<\/strong><\/p>\n<p>(Evangelium podle Luk\u00e1\u0161e 12, 35 \u2013 40 a 21, 34-36; Evangelium podle Marka 13, 33-37)<\/p>\n<p>&#8211; <strong>posv\u011bcovat se \u2013 z\u0159\u00edkat se bezbo\u017enosti a sv\u011btsk\u00fdch \u017e\u00e1dost\u00ed<\/strong><\/p>\n<p>(list Titovi 2, 11-13; Zjeven\u00ed 22, 11; Evangelium podle Luk\u00e1\u0161e 17, 31 \u2013 36 a 14, 33-35)<\/p>\n<p><strong>&#8211; vytrvale a trp\u011bliv\u011b o\u010dek\u00e1vat Krist\u016fv p\u0159\u00edchod<\/strong><\/p>\n<p>(Evangelium podle Matou\u0161e 25, 1-13; Jakub\u016fv list 5, 7-11; Zjeven\u00ed 3, 10-11; Evangelium podle Luk\u00e1\u0161e 21, 19)<\/p>\n<p>&nbsp;<\/p>\n<p><a href=\"http:\/\/\u010cesk\u00e1 Bible\">http:\/\/www.bible.cz<\/a><\/p>\n<p><\/p>","protected":false},"excerpt":{"rendered":"<p>Stav \u010dlov\u011bka p\u0159ed Bohem \u2013 pro\u010d pot\u0159ebuje Spasitele: jak je naps\u00e1no: Nen\u00ed spravedliv\u00e9ho, nen\u00ed ani jednoho. Nen\u00ed toti\u017e rozd\u00edlu, nebo\u0165 v\u0161ichni zh\u0159e\u0161ili a chyb\u00ed jim Bo\u017e\u00ed sl\u00e1va.\u00a0 \u00a0\u00a0\u00a0\u00a0\u00a0\u00a0\u00a0\u00a0\u00a0\u00a0\u00a0\u00a0\u00a0\u00a0 \u00a0\u00a0\u00a0\u00a0\u00a0\u00a0 (list \u0158\u00edman\u016fm 3, 10 a 23) Jsme jako ne\u010dist\u00fd my v\u0161ichni, a jako roucho ohyzdn\u00e9 v\u0161ecky spravedlnosti na\u0161e. Uvadli jsme v\u0161ichni jako list, na\u0161e nepravosti n\u00e1s [&hellip;]<\/p>\n","protected":false},"author":1,"featured_media":0,"parent":0,"menu_order":0,"comment_status":"closed","ping_status":"closed","template":"","meta":[],"_links":{"self":[{"href":"https:\/\/www.repent.cz\/en\/wp-json\/wp\/v2\/pages\/773"}],"collection":[{"href":"https:\/\/www.repent.cz\/en\/wp-json\/wp\/v2\/pages"}],"about":[{"href":"https:\/\/www.repent.cz\/en\/wp-json\/wp\/v2\/types\/page"}],"author":[{"embeddable":true,"href":"https:\/\/www.repent.cz\/en\/wp-json\/wp\/v2\/users\/1"}],"replies":[{"embeddable":true,"href":"https:\/\/www.repent.cz\/en\/wp-json\/wp\/v2\/comments?post=773"}],"version-history":[{"count":8,"href":"https:\/\/www.repent.cz\/en\/wp-json\/wp\/v2\/pages\/773\/revisions"}],"predecessor-version":[{"id":1158,"href":"https:\/\/www.repent.cz\/en\/wp-json\/wp\/v2\/pages\/773\/revisions\/1158"}],"wp:attachment":[{"href":"https:\/\/www.repent.cz\/en\/wp-json\/wp\/v2\/media?parent=773"}],"curies":[{"name":"wp","href":"https:\/\/api.w.org\/{rel}","templated":true}]}}