{"id":656,"date":"2017-05-28T13:05:04","date_gmt":"2017-05-28T12:05:04","guid":{"rendered":"http:\/\/www.repent.cz\/?page_id=656"},"modified":"2017-06-07T22:46:39","modified_gmt":"2017-06-07T20:46:39","slug":"dokumenty","status":"publish","type":"page","link":"https:\/\/www.repent.cz\/en\/dokumenty\/","title":{"rendered":"Dokumenty"},"content":{"rendered":"<h3>Z\u00e1klady<\/h3>\n<p><strong>Evangelium \u2013 dobr\u00e1 zpr\u00e1va (List \u0158\u00edman\u016fm 3,21-26)<\/strong><\/p>\n<p><span id=\"v21\"><a href=\"http:\/\/www.obohu.cz\/bible\/index.php?styl=NBK98&amp;k=R&amp;kap=3&amp;v=21#v21\"><span class=\"cisloversen\" title=\"\" data-toggle=\"tooltip\" data-placement=\"top\" data-original-title=\"\u0158\u00a03:21\">21<\/span><\/a><\/span><span class=\"nalezenyvers\">Nyn\u00ed je v\u0161ak bez Z\u00e1kona zjevena Bo\u017e\u00ed spravedlnost, dosv\u011bd\u010dovan\u00e1 Z\u00e1konem i Proroky,<\/span>\u00a0<span id=\"v22\"><span class=\"cv\"><a href=\"http:\/\/www.obohu.cz\/bible\/index.php?styl=NBK98&amp;k=R&amp;kap=3&amp;v=22#v22\"><span class=\"cisloversen\" title=\"\" data-toggle=\"tooltip\" data-placement=\"top\" data-original-title=\"\u0158\u00a03:22\">22<\/span><\/a>toti\u017e Bo\u017e\u00ed spravedlnost skrze v\u00edru Je\u017e\u00ed\u0161e Krista ke v\u0161em a na v\u0161echny, kdo v\u011b\u0159\u00ed. Nen\u00ed toti\u017e rozd\u00edlu,<\/span><\/span><span id=\"v23\"><span class=\"cv\"><a href=\"http:\/\/www.obohu.cz\/bible\/index.php?styl=NBK98&amp;k=R&amp;kap=3&amp;v=23#v23\"><span class=\"cisloversen\" title=\"\" data-toggle=\"tooltip\" data-placement=\"top\" data-original-title=\"\u0158\u00a03:23\">23<\/span><\/a>nebo\u0165 v\u0161ichni zh\u0159e\u0161ili a chyb\u00ed jim Bo\u017e\u00ed sl\u00e1va.<\/span><\/span><span id=\"v24\"><span class=\"cv\"><a href=\"http:\/\/www.obohu.cz\/bible\/index.php?styl=NBK98&amp;k=R&amp;kap=3&amp;v=24#v24\"><span class=\"cisloversen\" title=\"\" data-toggle=\"tooltip\" data-placement=\"top\" data-original-title=\"\u0158\u00a03:24\">24<\/span><\/a>Jsou <em>v\u0161ak<\/em> zadarmo ospravedl\u0148ov\u00e1ni jeho milost\u00ed, skrze vykoupen\u00ed, kter\u00e9 <em>je<\/em> v Je\u017e\u00ed\u0161i Kristu,<\/span><\/span><span id=\"v25\"><span class=\"cv\"><a href=\"http:\/\/www.obohu.cz\/bible\/index.php?styl=NBK98&amp;k=R&amp;kap=3&amp;v=25#v25\"><span class=\"cisloversen\" title=\"\" data-toggle=\"tooltip\" data-placement=\"top\" data-original-title=\"\u0158\u00a03:25\">25<\/span><\/a>jeho\u017e B\u016fh ur\u010dil za n\u00e1stroj sm\u00ed\u0159en\u00ed skrze v\u00edru v jeho krev, aby prok\u00e1zal svou spravedlnost; <em>nebo\u0165<\/em> B\u016fh ve sv\u00e9 shov\u00edvavosti prominul p\u0159ede\u0161l\u00e9 h\u0159\u00edchy,<\/span><\/span><span id=\"v26\"><span class=\"cv\"><a href=\"http:\/\/www.obohu.cz\/bible\/index.php?styl=NBK98&amp;k=R&amp;kap=3&amp;v=26#v26\"><span class=\"cisloversen\" title=\"\" data-toggle=\"tooltip\" data-placement=\"top\" data-original-title=\"\u0158\u00a03:26\">26<\/span><\/a>aby prok\u00e1zal svou spravedlnost v nyn\u011bj\u0161\u00edm \u010dase, aby byl spravedliv\u00fdm a ospravedl\u0148uj\u00edc\u00edm toho, kdo <em>je<\/em> z Je\u017e\u00ed\u0161ovy v\u00edry.<\/span><\/span><\/p>\n<p>&nbsp;<\/p>\n<p><strong>Jak se st\u00e1t k\u0159es\u0165anem (Skutky apo\u0161tol\u016f 2,38-41):<\/strong><\/p>\n<p>&#8211; sly\u0161et a uv\u011b\u0159it evangeliu \u2013 dobr\u00e9 zv\u011bsti<\/p>\n<p>&#8211; \u010dinit pok\u00e1n\u00ed<\/p>\n<p>&#8211; nechat se pok\u0159t\u00edt<\/p>\n<p>&#8211; p\u0159ijmout odpu\u0161t\u011bn\u00ed a dar Ducha Svat\u00e9ho<\/p>\n<p>&nbsp;<\/p>\n<p><strong>\u017divot prvotn\u00ed c\u00edrkve (Sk 2,42-47):<\/strong><\/p>\n<p>&#8211; dle apo\u0161tolsk\u00e9ho u\u010den\u00ed<\/p>\n<p>&#8211; ve spole\u010denstv\u00ed<\/p>\n<p>&#8211; l\u00e1m\u00e1n\u00ed chleba v chr\u00e1mu a po domech<\/p>\n<p>&#8211; spole\u010dn\u00e9 modlitby a chv\u00e1len\u00ed Boha<\/p>\n<p>&nbsp;<\/p>\n<p><strong>Z\u00e1kladn\u00ed k\u0159es\u0165ansk\u00e9 nauky (\u017did 6, 1-3):<\/strong><\/p>\n<p>&#8211; pok\u00e1n\u00ed z mrtv\u00fdch skutk\u016f<\/p>\n<p>&#8211; v\u00edra v Boha<\/p>\n<p>&#8211; u\u010den\u00ed o k\u0159tech<\/p>\n<p>&#8211; vkl\u00e1d\u00e1n\u00ed rukou<\/p>\n<p>&#8211; vzk\u0159\u00ed\u0161en\u00ed z mrtv\u00fdch<\/p>\n<p>&#8211; v\u011b\u010dn\u00fd soud<\/p>\n<p>&nbsp;<\/p>\n<p>&nbsp;<\/p>\n","protected":false},"excerpt":{"rendered":"<p>Z\u00e1klady Evangelium \u2013 dobr\u00e1 zpr\u00e1va (List \u0158\u00edman\u016fm 3,21-26) 21Nyn\u00ed je v\u0161ak bez Z\u00e1kona zjevena Bo\u017e\u00ed spravedlnost, dosv\u011bd\u010dovan\u00e1 Z\u00e1konem i Proroky,\u00a022toti\u017e Bo\u017e\u00ed spravedlnost skrze v\u00edru Je\u017e\u00ed\u0161e Krista ke v\u0161em a na v\u0161echny, kdo v\u011b\u0159\u00ed. Nen\u00ed toti\u017e rozd\u00edlu,23nebo\u0165 v\u0161ichni zh\u0159e\u0161ili a chyb\u00ed jim Bo\u017e\u00ed sl\u00e1va.24Jsou v\u0161ak zadarmo ospravedl\u0148ov\u00e1ni jeho milost\u00ed, skrze vykoupen\u00ed, kter\u00e9 je v Je\u017e\u00ed\u0161i Kristu,25jeho\u017e [&hellip;]<\/p>\n","protected":false},"author":1,"featured_media":0,"parent":0,"menu_order":5,"comment_status":"closed","ping_status":"closed","template":"page-posts.php","meta":[],"_links":{"self":[{"href":"https:\/\/www.repent.cz\/en\/wp-json\/wp\/v2\/pages\/656"}],"collection":[{"href":"https:\/\/www.repent.cz\/en\/wp-json\/wp\/v2\/pages"}],"about":[{"href":"https:\/\/www.repent.cz\/en\/wp-json\/wp\/v2\/types\/page"}],"author":[{"embeddable":true,"href":"https:\/\/www.repent.cz\/en\/wp-json\/wp\/v2\/users\/1"}],"replies":[{"embeddable":true,"href":"https:\/\/www.repent.cz\/en\/wp-json\/wp\/v2\/comments?post=656"}],"version-history":[{"count":4,"href":"https:\/\/www.repent.cz\/en\/wp-json\/wp\/v2\/pages\/656\/revisions"}],"predecessor-version":[{"id":747,"href":"https:\/\/www.repent.cz\/en\/wp-json\/wp\/v2\/pages\/656\/revisions\/747"}],"wp:attachment":[{"href":"https:\/\/www.repent.cz\/en\/wp-json\/wp\/v2\/media?parent=656"}],"curies":[{"name":"wp","href":"https:\/\/api.w.org\/{rel}","templated":true}]}}